{"id":272,"date":"2022-02-07T12:35:43","date_gmt":"2022-02-07T11:35:43","guid":{"rendered":"http:\/\/www.granitouest.fr\/?page_id=272"},"modified":"2022-02-22T11:57:43","modified_gmt":"2022-02-22T10:57:43","slug":"mentions-legales","status":"publish","type":"page","link":"https:\/\/www.granitouest.fr\/index.php\/mentions-legales\/","title":{"rendered":"Mentions l\u00e9gales"},"content":{"rendered":"\n<div class=\"wp-block-image logomentions\"><figure class=\"aligncenter size-large is-resized\"><a href=\"https:\/\/www.granitouest.fr\/\" target=\"_blank\" rel=\"noopener\"><img src=\"https:\/\/www.granitouest.fr\/wp-content\/uploads\/2022\/01\/LOGO-GO-2021-01-e1642588535734-1024x1024.png\" alt=\"Mentions l\u00e9gales - Logo Granit ouest\" class=\"wp-image-254\" width=\"200\" height=\"200\"\/><\/a><\/figure><\/div>\n\n\n\n<h2 class=\"has-text-align-center\" id=\"mentions-legales-de-la-marque-granit-ouest\"><strong>Mentions l\u00e9gales de la marque Granit Ouest<\/strong><\/h2>\n\n\n\n<h3 class=\"has-text-align-center has-white-color has-text-color\" id=\"mentions-legales-de-la-marque-granit-ouest-1\"><strong>Mentions l\u00e9gales de la marque Granit Ouest<\/strong><\/h3>\n\n\n\n<p class=\"has-text-align-center\">D\u00e9nomination sociale ou raison sociale&nbsp;: Granit Ouest \u2013 Fun\u00e9pro SAS<\/p>\n\n\n\n<p class=\"has-text-align-center\">Adresse du si\u00e8ge social&nbsp;: Route de la Roche Sur Yon, 85400 Lu\u00e7on<\/p>\n\n\n\n<p class=\"has-text-align-center\">Num\u00e9ro de t\u00e9l\u00e9phone&nbsp;: 02 51 28 80 61<\/p>\n\n\n\n<p class=\"has-text-align-center\">Adresse de courrier \u00e9lectronique&nbsp;:&nbsp;<a href=\"mailto:contact@agm-granit.fr\" target=\"_blank\" rel=\"noreferrer noopener\">contact@<\/a><a href=\"mailto:contact@granitouest.fr\" target=\"_blank\" rel=\"noreferrer noopener\">granitouest.fr<\/a><\/p>\n\n\n\n<p class=\"has-text-align-center\">Capital social&nbsp;: 916&nbsp;040 \u20ac<\/p>\n\n\n\n<p class=\"has-text-align-center\">Directeur de la publication&nbsp;: Sylvestre OLGIATI<\/p>\n\n\n\n<p class=\"has-text-align-center\">Nom, d\u00e9nomination ou raison sociale et adresse et num\u00e9ro de t\u00e9l\u00e9phone de l&rsquo;h\u00e9bergeur du site\u00a0: <br>OVHcloud, 2 rue Kellermann &#8211; 59100 Roubaix \u2013 France &#8211; t\u00e9l. 09 72 10 10 07 &#8211; <a rel=\"noreferrer noopener\" href=\"https:\/\/www.ovhcloud.com\/fr\/\" target=\"_blank\">https:\/\/www.ovhcloud.com\/fr\/<\/a><\/p>\n\n\n\n<div class=\"wp-container-1 wp-block-buttons\">\n<div class=\"wp-block-button\"><a class=\"wp-block-button__link\" href=\"https:\/\/www.granitouest.fr\/\" target=\"_blank\" rel=\"noreferrer noopener\">Retour \u00e0 l&rsquo;accueil<\/a><\/div>\n<\/div>\n\n\n\n<p><\/p>\n","protected":false},"excerpt":{"rendered":"<p>Mentions l\u00e9gales de la marque Granit Ouest Mentions l\u00e9gales de la marque Granit Ouest D\u00e9nomination sociale ou raison sociale&nbsp;: Granit Ouest \u2013 Fun\u00e9pro SAS Adresse du si\u00e8ge social&nbsp;: Route de la Roche Sur Yon, 85400 Lu\u00e7on Num\u00e9ro de t\u00e9l\u00e9phone&nbsp;: 02 51 28 80 61 Adresse de courrier \u00e9lectronique&nbsp;:&nbsp;contact@granitouest.fr Capital social&nbsp;: 916&nbsp;040 \u20ac Directeur de la &hellip; <\/p>\n<p><a class=\"more-link btn\" href=\"https:\/\/www.granitouest.fr\/index.php\/mentions-legales\/\">Lire la suite<\/a><\/p>\n","protected":false},"author":1,"featured_media":0,"parent":0,"menu_order":0,"comment_status":"closed","ping_status":"closed","template":"","meta":{"_monsterinsights_skip_tracking":false,"_monsterinsights_sitenote_active":false,"_monsterinsights_sitenote_note":"","_monsterinsights_sitenote_category":0},"_links":{"self":[{"href":"https:\/\/www.granitouest.fr\/index.php\/wp-json\/wp\/v2\/pages\/272"}],"collection":[{"href":"https:\/\/www.granitouest.fr\/index.php\/wp-json\/wp\/v2\/pages"}],"about":[{"href":"https:\/\/www.granitouest.fr\/index.php\/wp-json\/wp\/v2\/types\/page"}],"author":[{"embeddable":true,"href":"https:\/\/www.granitouest.fr\/index.php\/wp-json\/wp\/v2\/users\/1"}],"replies":[{"embeddable":true,"href":"https:\/\/www.granitouest.fr\/index.php\/wp-json\/wp\/v2\/comments?post=272"}],"version-history":[{"count":9,"href":"https:\/\/www.granitouest.fr\/index.php\/wp-json\/wp\/v2\/pages\/272\/revisions"}],"predecessor-version":[{"id":341,"href":"https:\/\/www.granitouest.fr\/index.php\/wp-json\/wp\/v2\/pages\/272\/revisions\/341"}],"wp:attachment":[{"href":"https:\/\/www.granitouest.fr\/index.php\/wp-json\/wp\/v2\/media?parent=272"}],"curies":[{"name":"wp","href":"https:\/\/api.w.org\/{rel}","templated":true}]}}