{"id":46,"date":"2022-01-04T11:24:13","date_gmt":"2022-01-04T10:24:13","guid":{"rendered":"http:\/\/www.granit-ouest.fr\/?page_id=46"},"modified":"2025-02-18T10:48:16","modified_gmt":"2025-02-18T09:48:16","slug":"contactez-nous","status":"publish","type":"page","link":"https:\/\/www.granitouest.fr\/index.php\/contactez-nous\/","title":{"rendered":"Contactez-nous"},"content":{"rendered":"\t\t<div data-elementor-type=\"wp-page\" data-elementor-id=\"46\" class=\"elementor elementor-46\">\n\t\t\t\t\t\t\t<div class=\"elementor-element elementor-element-6579db46 e-flex e-con-boxed e-con e-parent\" data-id=\"6579db46\" data-element_type=\"container\" data-settings=\"{&quot;content_width&quot;:&quot;boxed&quot;}\" data-core-v316-plus=\"true\">\n\t\t\t\t\t<div class=\"e-con-inner\">\n\t\t\t\t<div class=\"elementor-element elementor-element-630fe582 elementor-widget elementor-widget-text-editor\" data-id=\"630fe582\" data-element_type=\"widget\" data-widget_type=\"text-editor.default\">\n\t\t\t\t<div class=\"elementor-widget-container\">\n\t\t\t<style>\/*! elementor - v3.17.0 - 08-11-2023 *\/\n.elementor-widget-text-editor.elementor-drop-cap-view-stacked .elementor-drop-cap{background-color:#69727d;color:#fff}.elementor-widget-text-editor.elementor-drop-cap-view-framed .elementor-drop-cap{color:#69727d;border:3px solid;background-color:transparent}.elementor-widget-text-editor:not(.elementor-drop-cap-view-default) .elementor-drop-cap{margin-top:8px}.elementor-widget-text-editor:not(.elementor-drop-cap-view-default) .elementor-drop-cap-letter{width:1em;height:1em}.elementor-widget-text-editor .elementor-drop-cap{float:left;text-align:center;line-height:1;font-size:50px}.elementor-widget-text-editor .elementor-drop-cap-letter{display:inline-block}<\/style>\t\t\t\t<!-- wp:columns -->\n<div class=\"wp-block-columns\"><!-- wp:column {\"width\":\"25%\"} -->\n<div class=\"wp-block-column\" style=\"flex-basis:25%\"><!-- wp:heading {\"textColor\":\"white\"} -->\n<h2 class=\"has-white-color has-text-color\" id=\"contactez-nous-nos-equipes-sont-a-votre-ecoute\">Contactez-nous nos \u00e9quipes sont \u00e0 votre \u00e9coute<\/h2>\n<!-- \/wp:heading -->\n\n<!-- wp:heading {\"level\":3,\"textColor\":\"white\"} -->\n<h3 class=\"has-white-color has-text-color\" id=\"contactez-nous-nos-equipes-sont-a-votre-ecoute-1\">Contactez-nous nos \u00e9quipes sont \u00e0 votre \u00e9coute<\/h3>\n<!-- \/wp:heading --><\/div>\n<!-- \/wp:column -->\n\n<!-- wp:column {\"width\":\"50%\",\"className\":\"Contact\"} -->\n<div class=\"wp-block-column Contact\" style=\"flex-basis:50%\"><!-- wp:heading -->\n<h2 id=\"contactez-nous-notre-equipe-est-a-votre-ecoute\">Contactez-nous, notre \u00e9quipe est \u00e0 votre \u00e9coute<\/h2>\n<!-- \/wp:heading -->\n\n<!-- wp:paragraph -->\n<p>Remplissez ce formulaire pour prendre contact avec Granit Ouest.<\/p>\n<!-- \/wp:paragraph -->\n\n<!-- wp:paragraph {\"textColor\":\"vivid-red\"} -->\n<p class=\"has-vivid-red-color has-text-color\"><em><strong>Nous ne vendons qu\u2019aux professionnels.<\/strong><\/em><\/p>\n<!-- \/wp:paragraph -->\n\n<!-- wp:paragraph -->\n<p><em>Pour les particuliers, nous pourrons seulement vous orienter vers le revendeur le plus proche <\/em><br><em>si vous nous pr\u00e9cisez votre demande et la localit\u00e9 souhait\u00e9e.<\/em><\/p>\n<!-- \/wp:paragraph -->\n\n<!-- wp:shortcode -->\n<div role=\"form\" class=\"wpcf7\" id=\"wpcf7-f27-o1\" lang=\"fr-FR\" dir=\"ltr\">\n<div class=\"screen-reader-response\"><p role=\"status\" aria-live=\"polite\" aria-atomic=\"true\"><\/p> <ul><\/ul><\/div>\n<form action=\"\/index.php\/wp-json\/wp\/v2\/pages\/46#wpcf7-f27-o1\" method=\"post\" class=\"wpcf7-form init\" novalidate=\"novalidate\" data-status=\"init\">\n<div style=\"display: none;\">\n<input type=\"hidden\" name=\"_wpcf7\" value=\"27\" \/>\n<input type=\"hidden\" name=\"_wpcf7_version\" value=\"5.5.6.1\" \/>\n<input type=\"hidden\" name=\"_wpcf7_locale\" value=\"fr_FR\" \/>\n<input type=\"hidden\" name=\"_wpcf7_unit_tag\" value=\"wpcf7-f27-o1\" \/>\n<input type=\"hidden\" name=\"_wpcf7_container_post\" value=\"0\" \/>\n<input type=\"hidden\" name=\"_wpcf7_posted_data_hash\" value=\"\" \/>\n<input type=\"hidden\" name=\"_wpcf7_recaptcha_response\" value=\"\" \/>\n<\/div>\n<p><span class=\"wpcf7-form-control-wrap Voustes\"><span class=\"wpcf7-form-control wpcf7-checkbox wpcf7-validates-as-required wpcf7-exclusive-checkbox\"><span class=\"wpcf7-list-item first\"><label><span class=\"wpcf7-list-item-label\">Professionnel<\/span><input type=\"checkbox\" name=\"Voustes\" value=\"Professionnel\" \/><\/label><\/span><span class=\"wpcf7-list-item last\"><label><span class=\"wpcf7-list-item-label\">Particulier<\/span><input type=\"checkbox\" name=\"Voustes\" value=\"Particulier\" \/><\/label><\/span><\/span><\/span><\/p>\n<p><label> Nom<br \/>\n    <span class=\"wpcf7-form-control-wrap your-name\"><input type=\"text\" name=\"your-name\" value=\"\" size=\"40\" class=\"wpcf7-form-control wpcf7-text wpcf7-validates-as-required\" aria-required=\"true\" aria-invalid=\"false\" \/><\/span> <\/label><\/p>\n<p><label> Pr\u00e9nom<br \/>\n    <span class=\"wpcf7-form-control-wrap your-surname\"><input type=\"text\" name=\"your-surname\" value=\"\" size=\"40\" class=\"wpcf7-form-control wpcf7-text wpcf7-validates-as-required\" aria-required=\"true\" aria-invalid=\"false\" \/><\/span> <\/label><\/p>\n<p><label> Entreprise (facultatif)<br \/>\n    <span class=\"wpcf7-form-control-wrap your-company\"><input type=\"text\" name=\"your-company\" value=\"\" size=\"40\" class=\"wpcf7-form-control wpcf7-text\" aria-invalid=\"false\" \/><\/span> <\/label><\/p>\n<p><label> E-mail<br \/>\n    <span class=\"wpcf7-form-control-wrap your-email\"><input type=\"email\" name=\"your-email\" value=\"\" size=\"40\" class=\"wpcf7-form-control wpcf7-text wpcf7-email wpcf7-validates-as-required wpcf7-validates-as-email\" aria-required=\"true\" aria-invalid=\"false\" \/><\/span> <\/label><\/p>\n<p><label> T\u00e9l\u00e9phone<br \/>\n    <span class=\"wpcf7-form-control-wrap tel-758\"><input type=\"tel\" name=\"tel-758\" value=\"\" size=\"40\" class=\"wpcf7-form-control wpcf7-text wpcf7-tel wpcf7-validates-as-required wpcf7-validates-as-tel\" aria-required=\"true\" aria-invalid=\"false\" \/><\/span> <\/label><\/p>\n<p><label> Code postal<br \/>\n    <span class=\"wpcf7-form-control-wrap your-code\"><input type=\"text\" name=\"your-code\" value=\"\" size=\"40\" class=\"wpcf7-form-control wpcf7-text\" aria-invalid=\"false\" \/><\/span> <\/label><\/p>\n<p><label> Ville<br \/>\n    <span class=\"wpcf7-form-control-wrap your-ville\"><input type=\"text\" name=\"your-ville\" value=\"\" size=\"40\" class=\"wpcf7-form-control wpcf7-text\" aria-invalid=\"false\" \/><\/span> <\/label><\/p>\n<p><label> Objet<br \/>\n    <span class=\"wpcf7-form-control-wrap your-subject\"><input type=\"text\" name=\"your-subject\" value=\"\" size=\"40\" class=\"wpcf7-form-control wpcf7-text wpcf7-validates-as-required\" aria-required=\"true\" aria-invalid=\"false\" \/><\/span> <\/label><\/p>\n<p><span class=\"wpcf7-form-control-wrap Mademande\"><span class=\"wpcf7-form-control wpcf7-checkbox wpcf7-validates-as-required wpcf7-exclusive-checkbox\"><span class=\"wpcf7-list-item first\"><label><input type=\"checkbox\" name=\"Mademande\" value=\"Je souhaite un catalogue\" \/><span class=\"wpcf7-list-item-label\">Je souhaite un catalogue<\/span><\/label><\/span><span class=\"wpcf7-list-item\"><label><input type=\"checkbox\" name=\"Mademande\" value=\"Je souhaite passer commande\" \/><span class=\"wpcf7-list-item-label\">Je souhaite passer commande<\/span><\/label><\/span><span class=\"wpcf7-list-item\"><label><input type=\"checkbox\" name=\"Mademande\" value=\"Je souhaite plus d&#039;informations sur Granit Ouest\" \/><span class=\"wpcf7-list-item-label\">Je souhaite plus d&#039;informations sur Granit Ouest<\/span><\/label><\/span><span class=\"wpcf7-list-item last\"><label><input type=\"checkbox\" name=\"Mademande\" value=\"Je souhaite rejoindre votre entreprise\" \/><span class=\"wpcf7-list-item-label\">Je souhaite rejoindre votre entreprise<\/span><\/label><\/span><\/span><\/span><\/p>\n<p><label> Votre demande<br \/>\n    <span class=\"wpcf7-form-control-wrap your-message\"><textarea name=\"your-message\" cols=\"40\" rows=\"10\" class=\"wpcf7-form-control wpcf7-textarea wpcf7-validates-as-required\" aria-required=\"true\" aria-invalid=\"false\"><\/textarea><\/span> <\/label><\/p>\n<p>Vous recevrez une copie de votre demande par mail<\/p>\n<p><input type=\"submit\" value=\"Envoyer\" class=\"wpcf7-form-control has-spinner wpcf7-submit\" \/><\/p>\n<p style=\"display: none !important;\"><label>&#916;<textarea name=\"_wpcf7_ak_hp_textarea\" cols=\"45\" rows=\"8\" maxlength=\"100\"><\/textarea><\/label><input type=\"hidden\" id=\"ak_js_1\" name=\"_wpcf7_ak_js\" value=\"28\"\/><script>document.getElementById( \"ak_js_1\" ).setAttribute( \"value\", ( new Date() ).getTime() );<\/script><\/p><div class=\"wpcf7-response-output\" aria-hidden=\"true\"><\/div><\/form><\/div>\n<!-- \/wp:shortcode --><\/div>\n<!-- \/wp:column -->\n\n<!-- wp:column {\"width\":\"25%\"} -->\n<div class=\"wp-block-column\" style=\"flex-basis:25%\"><\/div>\n<!-- \/wp:column --><\/div>\n<!-- \/wp:columns -->\t\t\t\t\t\t<\/div>\n\t\t\t\t<\/div>\n\t\t\t\t\t<\/div>\n\t\t\t\t<\/div>\n\t\t<div class=\"elementor-element elementor-element-55a1a89 e-flex e-con-boxed e-con e-parent\" data-id=\"55a1a89\" data-element_type=\"container\" data-settings=\"{&quot;content_width&quot;:&quot;boxed&quot;}\" data-core-v316-plus=\"true\">\n\t\t\t\t\t<div class=\"e-con-inner\">\n\t\t\t\t<div class=\"elementor-element elementor-element-18e40f6 elementor-position-top elementor-widget elementor-widget-image-box\" data-id=\"18e40f6\" data-element_type=\"widget\" data-widget_type=\"image-box.default\">\n\t\t\t\t<div class=\"elementor-widget-container\">\n\t\t\t<style>\/*! elementor - v3.17.0 - 08-11-2023 *\/\n.elementor-widget-image-box .elementor-image-box-content{width:100%}@media (min-width:768px){.elementor-widget-image-box.elementor-position-left .elementor-image-box-wrapper,.elementor-widget-image-box.elementor-position-right .elementor-image-box-wrapper{display:flex}.elementor-widget-image-box.elementor-position-right .elementor-image-box-wrapper{text-align:right;flex-direction:row-reverse}.elementor-widget-image-box.elementor-position-left .elementor-image-box-wrapper{text-align:left;flex-direction:row}.elementor-widget-image-box.elementor-position-top .elementor-image-box-img{margin:auto}.elementor-widget-image-box.elementor-vertical-align-top .elementor-image-box-wrapper{align-items:flex-start}.elementor-widget-image-box.elementor-vertical-align-middle .elementor-image-box-wrapper{align-items:center}.elementor-widget-image-box.elementor-vertical-align-bottom .elementor-image-box-wrapper{align-items:flex-end}}@media (max-width:767px){.elementor-widget-image-box .elementor-image-box-img{margin-left:auto!important;margin-right:auto!important;margin-bottom:15px}}.elementor-widget-image-box .elementor-image-box-img{display:inline-block}.elementor-widget-image-box .elementor-image-box-title a{color:inherit}.elementor-widget-image-box .elementor-image-box-wrapper{text-align:center}.elementor-widget-image-box .elementor-image-box-description{margin:0}<\/style><div class=\"elementor-image-box-wrapper\"><figure class=\"elementor-image-box-img\"><a href=\"https:\/\/www.granitouest.fr\/wp-content\/uploads\/2025\/02\/Carte-secteur-Granit-Ouest-sans2025.webp\" target=\"_blank\" tabindex=\"-1\"><img src=\"https:\/\/www.granitouest.fr\/wp-content\/uploads\/2025\/02\/Carte-secteur-Granit-Ouest-sans2025.webp\" title=\"\" alt=\"Carte secteurs\" loading=\"lazy\" \/><\/a><\/figure><div class=\"elementor-image-box-content\"><h3 class=\"elementor-image-box-title\"><a href=\"https:\/\/www.granitouest.fr\/wp-content\/uploads\/2025\/02\/Carte-secteur-Granit-Ouest-sans2025.webp\" target=\"_blank\">Carte secteurs<\/a><\/h3><p class=\"elementor-image-box-description\">Trouvez le commercial de votre r\u00e9gion<\/p><\/div><\/div>\t\t<\/div>\n\t\t\t\t<\/div>\n\t\t\t\t\t<\/div>\n\t\t\t\t<\/div>\n\t\t\t\t\t\t\t<\/div>\n\t\t","protected":false},"excerpt":{"rendered":"<p>Contactez-nous nos \u00e9quipes sont \u00e0 votre \u00e9coute Contactez-nous nos \u00e9quipes sont \u00e0 votre \u00e9coute Contactez-nous, notre \u00e9quipe est \u00e0 votre \u00e9coute Remplissez ce formulaire pour prendre contact avec Granit Ouest. Nous ne vendons qu\u2019aux professionnels. Pour les particuliers, nous pourrons seulement vous orienter vers le revendeur le plus proche si vous nous pr\u00e9cisez votre demande &hellip; <\/p>\n<p><a class=\"more-link btn\" href=\"https:\/\/www.granitouest.fr\/index.php\/contactez-nous\/\">Lire la suite<\/a><\/p>\n","protected":false},"author":1,"featured_media":0,"parent":0,"menu_order":0,"comment_status":"closed","ping_status":"closed","template":"","meta":{"_monsterinsights_skip_tracking":false,"_monsterinsights_sitenote_active":false,"_monsterinsights_sitenote_note":"","_monsterinsights_sitenote_category":0},"_links":{"self":[{"href":"https:\/\/www.granitouest.fr\/index.php\/wp-json\/wp\/v2\/pages\/46"}],"collection":[{"href":"https:\/\/www.granitouest.fr\/index.php\/wp-json\/wp\/v2\/pages"}],"about":[{"href":"https:\/\/www.granitouest.fr\/index.php\/wp-json\/wp\/v2\/types\/page"}],"author":[{"embeddable":true,"href":"https:\/\/www.granitouest.fr\/index.php\/wp-json\/wp\/v2\/users\/1"}],"replies":[{"embeddable":true,"href":"https:\/\/www.granitouest.fr\/index.php\/wp-json\/wp\/v2\/comments?post=46"}],"version-history":[{"count":26,"href":"https:\/\/www.granitouest.fr\/index.php\/wp-json\/wp\/v2\/pages\/46\/revisions"}],"predecessor-version":[{"id":1737,"href":"https:\/\/www.granitouest.fr\/index.php\/wp-json\/wp\/v2\/pages\/46\/revisions\/1737"}],"wp:attachment":[{"href":"https:\/\/www.granitouest.fr\/index.php\/wp-json\/wp\/v2\/media?parent=46"}],"curies":[{"name":"wp","href":"https:\/\/api.w.org\/{rel}","templated":true}]}}